{"id":4490,"date":"2021-12-02T23:07:40","date_gmt":"2021-12-02T23:07:40","guid":{"rendered":"https:\/\/www.aromatherapyskolinn.is\/?page_id=4490"},"modified":"2025-08-27T15:03:18","modified_gmt":"2025-08-27T15:03:18","slug":"newsletter","status":"publish","type":"page","link":"https:\/\/www.aromatherapyskolinn.is\/?page_id=4490","title":{"rendered":"Fr\u00e9ttabr\u00e9fi\u00f0 Dropar"},"content":{"rendered":"\n<p>Fr\u00e9ttabr\u00e9fi\u00f0 Dropar er m\u00e1na\u00f0arlegur fr\u00f3\u00f0leikur sem Aromatherapysk\u00f3linn sendir til \u00feeirra sem skr\u00e1 sig \u00e1 p\u00f3stlistann. Skr\u00e1\u00f0u \u00feig \u00e1 p\u00f3stlistann, kenndu p\u00f3stkerfinu \u00fe\u00ednu a\u00f0 \u00feekkja og sam\u00feykkja alltaf Dropa fr\u00e1 Aromatherapysk\u00f3lanum \u00feannig a\u00f0 enginn dropi fari til spillis.<\/p>\n\n\n\n<p><\/p>\n","protected":false},"excerpt":{"rendered":"<p>Fr\u00e9ttabr\u00e9fi\u00f0 Dropar er m\u00e1na\u00f0arlegur fr\u00f3\u00f0leikur sem Aromatherapysk\u00f3linn sendir til \u00feeirra sem skr\u00e1 sig \u00e1 p\u00f3stlistann. Skr\u00e1\u00f0u \u00feig \u00e1 p\u00f3stlistann, kenndu &hellip; <\/p>\n","protected":false},"author":2,"featured_media":4777,"parent":0,"menu_order":0,"comment_status":"closed","ping_status":"closed","template":"","meta":{"footnotes":""},"class_list":["post-4490","page","type-page","status-publish","has-post-thumbnail","hentry","latest_post"],"jetpack_sharing_enabled":true,"_links":{"self":[{"href":"https:\/\/www.aromatherapyskolinn.is\/index.php?rest_route=\/wp\/v2\/pages\/4490","targetHints":{"allow":["GET"]}}],"collection":[{"href":"https:\/\/www.aromatherapyskolinn.is\/index.php?rest_route=\/wp\/v2\/pages"}],"about":[{"href":"https:\/\/www.aromatherapyskolinn.is\/index.php?rest_route=\/wp\/v2\/types\/page"}],"author":[{"embeddable":true,"href":"https:\/\/www.aromatherapyskolinn.is\/index.php?rest_route=\/wp\/v2\/users\/2"}],"replies":[{"embeddable":true,"href":"https:\/\/www.aromatherapyskolinn.is\/index.php?rest_route=%2Fwp%2Fv2%2Fcomments&post=4490"}],"version-history":[{"count":4,"href":"https:\/\/www.aromatherapyskolinn.is\/index.php?rest_route=\/wp\/v2\/pages\/4490\/revisions"}],"predecessor-version":[{"id":4909,"href":"https:\/\/www.aromatherapyskolinn.is\/index.php?rest_route=\/wp\/v2\/pages\/4490\/revisions\/4909"}],"wp:featuredmedia":[{"embeddable":true,"href":"https:\/\/www.aromatherapyskolinn.is\/index.php?rest_route=\/wp\/v2\/media\/4777"}],"wp:attachment":[{"href":"https:\/\/www.aromatherapyskolinn.is\/index.php?rest_route=%2Fwp%2Fv2%2Fmedia&parent=4490"}],"curies":[{"name":"wp","href":"https:\/\/api.w.org\/{rel}","templated":true}]}}