{"id":893,"date":"2025-09-17T11:04:18","date_gmt":"2025-09-17T11:04:18","guid":{"rendered":"https:\/\/www.aromatherapyskolinn.is\/?page_id=893"},"modified":"2025-09-17T11:04:20","modified_gmt":"2025-09-17T11:04:20","slug":"dagatal","status":"publish","type":"page","link":"https:\/\/www.aromatherapyskolinn.is\/?page_id=893","title":{"rendered":"Dagatal"},"content":{"rendered":"\n<p><\/p>\n\n\n<p><!--StartFragment--><\/p>\n\n\n<p><strong>Sj\u00e1lfshj\u00e1lp me\u00f0 aromatherapy 9 n\u00e1mskei\u00f0 eru \u00ed bo\u00f0i fyrir h\u00f3pa, 5 manns e\u00f0a fleiri.<\/strong><\/p>\n\n\n\n<p>\u00c1hugasamir hafi samband vi\u00f0 aromatherapyskolinn@gmail.com<\/p>\n\n\n\n<p><strong>Aromatherapysk\u00f3linn &#8211; sk\u00f3ladagar:<\/strong><\/p>\n\n\n\n<p><strong>Nemar 2024-2026<\/strong> \u00feri\u00f0ja \u00f6nn<\/p>\n\n\n\n<p><strong>23. \u00e1g\u00fast 2025 kl. 9-17 Eimingarfer\u00f0 hj\u00e1 Hraundis.is<\/strong><\/p>\n\n\n\n<p>1. september 2025 kl. 17-19<\/p>\n\n\n\n<p>8. september 2025 kl.17-19<\/p>\n\n\n\n<p>15. september 2025 kl. 17-19<\/p>\n\n\n\n<p>22. september 2025 kl. 17-19<\/p>\n\n\n\n<p>29. september 2025 kl. 17-19<\/p>\n\n\n\n<p>6. okt\u00f3ber 2025 kl. 17-19<\/p>\n\n\n\n<p>13. okt\u00f3ber 2025 kl. 17-19<\/p>\n\n\n\n<p>20. okt\u00f3ber 2025 kl. 17 &#8211; 19<\/p>\n\n\n\n<p>27. okt\u00f3ber 2025 kl. 17 &#8211; 19<\/p>\n\n\n\n<p>3. n\u00f3vember 2025 kl. 17-19<\/p>\n\n\n\n<p>10. n\u00f3vember 2025 kl. 17-19<\/p>\n\n\n\n<p>17. n\u00f3vember 2025 kl. 17-19<\/p>\n\n\n\n<p>24. n\u00f3vember 2025 kl. 17-19<\/p>\n\n\n\n<p>1. desember 2025 kl. 17- 19 pr\u00f3f<\/p>\n\n\n\n<p>J\u00f3lafr\u00ed 2. desember 2025 &#8211; 5. jan\u00faar 2026<\/p>\n\n\n\n<p><strong>Sta\u00f0arlota helgina 25-26 apr\u00edl 2025 \u00e1 Svarfh\u00f3ll, Mi\u00f0d\u00f6lum. 371 B\u00fa\u00f0ardal. Gisting og f\u00e6\u00f0i<\/strong><\/p>\n\n\n\n<p><strong>Sta\u00f0arlota 23. \u00e1g\u00fast 2025 Hvanneyri Borgarfir\u00f0i hj\u00e1 Hraund\u00edsi.is<\/strong><\/p>\n\n\n\n<p><strong>Sta\u00f0arlota helgina 27-29 mars 2026 \u00e1 Svarfh\u00f3ll, Mi\u00f0d\u00f6lum. 371 B\u00fa\u00f0ardal. Gisting og f\u00e6\u00f0i<\/strong><\/p>\n\n\n\n<p><\/p>\n\n\n<p><!--EndFragment--><\/p>\n\n\n<p><strong>                                                                  <\/strong>                                     <\/p>\n","protected":false},"excerpt":{"rendered":"<p>Sj\u00e1lfshj\u00e1lp me\u00f0 aromatherapy 9 n\u00e1mskei\u00f0 eru \u00ed bo\u00f0i fyrir h\u00f3pa, 5 manns e\u00f0a fleiri. \u00c1hugasamir hafi samband vi\u00f0 aromatherapyskolinn@gmail.com Aromatherapysk\u00f3linn &hellip; <\/p>\n","protected":false},"author":2,"featured_media":558,"parent":0,"menu_order":0,"comment_status":"closed","ping_status":"closed","template":"","meta":{"footnotes":""},"class_list":["post-893","page","type-page","status-publish","has-post-thumbnail","hentry","latest_post"],"jetpack_sharing_enabled":true,"_links":{"self":[{"href":"https:\/\/www.aromatherapyskolinn.is\/index.php?rest_route=\/wp\/v2\/pages\/893","targetHints":{"allow":["GET"]}}],"collection":[{"href":"https:\/\/www.aromatherapyskolinn.is\/index.php?rest_route=\/wp\/v2\/pages"}],"about":[{"href":"https:\/\/www.aromatherapyskolinn.is\/index.php?rest_route=\/wp\/v2\/types\/page"}],"author":[{"embeddable":true,"href":"https:\/\/www.aromatherapyskolinn.is\/index.php?rest_route=\/wp\/v2\/users\/2"}],"replies":[{"embeddable":true,"href":"https:\/\/www.aromatherapyskolinn.is\/index.php?rest_route=%2Fwp%2Fv2%2Fcomments&post=893"}],"version-history":[{"count":42,"href":"https:\/\/www.aromatherapyskolinn.is\/index.php?rest_route=\/wp\/v2\/pages\/893\/revisions"}],"predecessor-version":[{"id":4920,"href":"https:\/\/www.aromatherapyskolinn.is\/index.php?rest_route=\/wp\/v2\/pages\/893\/revisions\/4920"}],"wp:featuredmedia":[{"embeddable":true,"href":"https:\/\/www.aromatherapyskolinn.is\/index.php?rest_route=\/wp\/v2\/media\/558"}],"wp:attachment":[{"href":"https:\/\/www.aromatherapyskolinn.is\/index.php?rest_route=%2Fwp%2Fv2%2Fmedia&parent=893"}],"curies":[{"name":"wp","href":"https:\/\/api.w.org\/{rel}","templated":true}]}}