{"id":251,"date":"2020-02-08T22:38:27","date_gmt":"2020-02-08T22:38:27","guid":{"rendered":"https:\/\/www.aromatherapyskolinn.is\/?post_type=product&#038;p=251"},"modified":"2023-09-29T15:13:17","modified_gmt":"2023-09-29T15:13:17","slug":"namskeidid-sjalfshjalp-vid-kvefpestum","status":"publish","type":"product","link":"https:\/\/www.aromatherapyskolinn.is\/?product=namskeidid-sjalfshjalp-vid-kvefpestum","title":{"rendered":"N\u00e1mskei\u00f0i\u00f0 Sj\u00e1lfshj\u00e1lp vi\u00f0 kvefpestum"},"content":{"rendered":"<p>Fyrsta n\u00e1mskei\u00f0i\u00f0 \u00ed n\u00e1mskei\u00f0ar\u00f6\u00f0inni: <strong>Sj\u00e1lfshj\u00e1lp me\u00f0 aromatherapy<\/strong> \u00e1 \u00e1rinu 2023<\/p>\n<p>Hvert n\u00e1mskei\u00f0 er sj\u00e1lfst\u00e6tt<\/p>\n<p>N\u00e1mskei\u00f0i\u00f0 ver\u00f0ur haldi\u00f0 a\u00f0 Hamrahl\u00ed\u00f0 17, H\u00fas Blindraf\u00e9lagsins, 2 h\u00e6\u00f0 105 Reykjav\u00edk.<br \/>\nN\u00e1mskei\u00f0i\u00f0 er 2 t\u00edmar fr\u00e1 11-13 laugardaginn <strong>11. febr\u00faar 2023<\/strong><br \/>\nInnifali\u00f0 \u00ed ver\u00f0i eru n\u00e1msg\u00f6gn me\u00f0 uppskriftum og aromatherapy blanda vi\u00f0 kvefi.<br \/>\nKynntar ver\u00f0a 5 ilmkjarnaol\u00edur sem geta hj\u00e1lpa\u00f0 gegn kvefi.<br \/>\nKennt ver\u00f0ur a\u00f0 blanda \u00far \u00feessum ol\u00edum og f\u00e1 nemendur me\u00f0 s\u00e9r eina bl\u00f6ndu sem \u00feeir blanda sj\u00e1lfir \u00e1 n\u00e1mskei\u00f0inu.<\/p>\n<p>Nemendur geta vali\u00f0 a\u00f0 m\u00e6ta \u00ed raunt\u00edma \u00e1 Zoom og f\u00e1 n\u00e1msg\u00f6gn send til s\u00edn \u00ed t\u00f6lvup\u00f3sti. \u00de\u00e1 er ilmkjarnaol\u00edublandan ekki innifalin.<\/p>\n","protected":false},"excerpt":{"rendered":"<p>Fyrsta n\u00e1mskei\u00f0i\u00f0 \u00ed n\u00e1mskei\u00f0ar\u00f6\u00f0inni: Sj\u00e1lfshj\u00e1lp me\u00f0 aromatherapy \u00e1 \u00e1rinu 2023 Hvert n\u00e1mskei\u00f0 er sj\u00e1lfst\u00e6tt N\u00e1mskei\u00f0i\u00f0 ver\u00f0ur haldi\u00f0 a\u00f0 Hamrahl\u00ed\u00f0 17, &hellip; <\/p>\n","protected":false},"featured_media":163,"comment_status":"closed","ping_status":"closed","template":"","meta":[],"product_brand":[],"product_cat":[21],"product_tag":[],"class_list":{"0":"post-251","1":"product","2":"type-product","3":"status-publish","4":"has-post-thumbnail","6":"product_cat-uncategorised","7":"latest_post","9":"first","10":"outofstock","11":"shipping-taxable","12":"purchasable","13":"product-type-simple"},"jetpack_sharing_enabled":true,"_links":{"self":[{"href":"https:\/\/www.aromatherapyskolinn.is\/index.php?rest_route=\/wp\/v2\/product\/251","targetHints":{"allow":["GET"]}}],"collection":[{"href":"https:\/\/www.aromatherapyskolinn.is\/index.php?rest_route=\/wp\/v2\/product"}],"about":[{"href":"https:\/\/www.aromatherapyskolinn.is\/index.php?rest_route=\/wp\/v2\/types\/product"}],"replies":[{"embeddable":true,"href":"https:\/\/www.aromatherapyskolinn.is\/index.php?rest_route=%2Fwp%2Fv2%2Fcomments&post=251"}],"wp:featuredmedia":[{"embeddable":true,"href":"https:\/\/www.aromatherapyskolinn.is\/index.php?rest_route=\/wp\/v2\/media\/163"}],"wp:attachment":[{"href":"https:\/\/www.aromatherapyskolinn.is\/index.php?rest_route=%2Fwp%2Fv2%2Fmedia&parent=251"}],"wp:term":[{"taxonomy":"product_brand","embeddable":true,"href":"https:\/\/www.aromatherapyskolinn.is\/index.php?rest_route=%2Fwp%2Fv2%2Fproduct_brand&post=251"},{"taxonomy":"product_cat","embeddable":true,"href":"https:\/\/www.aromatherapyskolinn.is\/index.php?rest_route=%2Fwp%2Fv2%2Fproduct_cat&post=251"},{"taxonomy":"product_tag","embeddable":true,"href":"https:\/\/www.aromatherapyskolinn.is\/index.php?rest_route=%2Fwp%2Fv2%2Fproduct_tag&post=251"}],"curies":[{"name":"wp","href":"https:\/\/api.w.org\/{rel}","templated":true}]}}