{"id":4740,"date":"2023-09-21T13:26:56","date_gmt":"2023-09-21T13:26:56","guid":{"rendered":"https:\/\/www.aromatherapyskolinn.is\/?post_type=product&#038;p=4740"},"modified":"2024-04-12T09:56:09","modified_gmt":"2024-04-12T09:56:09","slug":"tilbod-frjokornaofnaemi-og-heimathrif","status":"publish","type":"product","link":"https:\/\/www.aromatherapyskolinn.is\/?product=tilbod-frjokornaofnaemi-og-heimathrif","title":{"rendered":"Tilbo\u00f0: Frj\u00f3kornaofn\u00e6mi og Heima\u00ferif"},"content":{"rendered":"<p><strong>Tilbo\u00f0 tv\u00f6 n\u00e1mskei\u00f0 saman \u00ed n\u00e1mskei\u00f0ar\u00f6\u00f0inni:<\/strong> <strong>Sj\u00e1lfshj\u00e1lp me\u00f0 aromatherapy<\/strong><\/p>\n<p>N\u00e1mskei\u00f0in sty\u00f0ja vi\u00f0 hvort anna\u00f0 en eru kennd sem sj\u00e1lfst\u00e6\u00f0 n\u00e1mskei\u00f0.<\/p>\n<p>N\u00e1mskei\u00f0i\u00f0 ver\u00f0ur haldi\u00f0 a\u00f0 Hamrahl\u00ed\u00f0 17, H\u00fas Blindraf\u00e9lagsins, 2 h\u00e6\u00f0.105 Reykjav\u00edk.<br \/>\nN\u00e1mskei\u00f0i\u00f0 er 5 t\u00edmar me\u00f0 h\u00e1degishl\u00e9i fr\u00e1 10-15 laugardaginn <strong>23.mars 2024<\/strong><br \/>\nInnifali\u00f0 \u00ed ver\u00f0i eru n\u00e1msg\u00f6gn me\u00f0 uppskriftum og aromatherapy blanda gegn ofn\u00e6mi og einnig eru kenndar lei\u00f0ir til a\u00f0 b\u00faa til s\u00ednar eigin hreinl\u00e6tisv\u00f6rur.<br \/>\nKynntar ver\u00f0a 8 ilmkjarnaol\u00edur sem geta hj\u00e1lpa\u00f0 vi\u00f0 a\u00f0 sporna gegn ofn\u00e6mi.<br \/>\nKennt ver\u00f0ur a\u00f0 blanda \u00far \u00feessum ol\u00edum og f\u00e1 nemendur me\u00f0 s\u00e9r eina bl\u00f6ndu sem \u00feeir blanda sj\u00e1lfir \u00e1 n\u00e1mskei\u00f0inu.<\/p>\n<p>Nemendur geta vali\u00f0 a\u00f0 m\u00e6ta \u00ed raunt\u00edma \u00e1 Zoom og f\u00e1 n\u00e1msg\u00f6gn send til s\u00edn \u00ed t\u00f6lvup\u00f3sti. \u00de\u00e1 er ilmkjarnaol\u00edublandan ekki innifalin.<\/p>\n","protected":false},"excerpt":{"rendered":"<p>Tilbo\u00f0 tv\u00f6 n\u00e1mskei\u00f0 saman \u00ed n\u00e1mskei\u00f0ar\u00f6\u00f0inni: Sj\u00e1lfshj\u00e1lp me\u00f0 aromatherapy N\u00e1mskei\u00f0in sty\u00f0ja vi\u00f0 hvort anna\u00f0 en eru kennd sem sj\u00e1lfst\u00e6\u00f0 n\u00e1mskei\u00f0. &hellip; <\/p>\n","protected":false},"featured_media":891,"comment_status":"closed","ping_status":"closed","template":"","meta":[],"product_brand":[],"product_cat":[21],"product_tag":[],"class_list":{"0":"post-4740","1":"product","2":"type-product","3":"status-publish","4":"has-post-thumbnail","6":"product_cat-uncategorised","7":"latest_post","9":"first","10":"outofstock","11":"shipping-taxable","12":"purchasable","13":"product-type-simple"},"jetpack_sharing_enabled":true,"_links":{"self":[{"href":"https:\/\/www.aromatherapyskolinn.is\/index.php?rest_route=\/wp\/v2\/product\/4740","targetHints":{"allow":["GET"]}}],"collection":[{"href":"https:\/\/www.aromatherapyskolinn.is\/index.php?rest_route=\/wp\/v2\/product"}],"about":[{"href":"https:\/\/www.aromatherapyskolinn.is\/index.php?rest_route=\/wp\/v2\/types\/product"}],"replies":[{"embeddable":true,"href":"https:\/\/www.aromatherapyskolinn.is\/index.php?rest_route=%2Fwp%2Fv2%2Fcomments&post=4740"}],"wp:featuredmedia":[{"embeddable":true,"href":"https:\/\/www.aromatherapyskolinn.is\/index.php?rest_route=\/wp\/v2\/media\/891"}],"wp:attachment":[{"href":"https:\/\/www.aromatherapyskolinn.is\/index.php?rest_route=%2Fwp%2Fv2%2Fmedia&parent=4740"}],"wp:term":[{"taxonomy":"product_brand","embeddable":true,"href":"https:\/\/www.aromatherapyskolinn.is\/index.php?rest_route=%2Fwp%2Fv2%2Fproduct_brand&post=4740"},{"taxonomy":"product_cat","embeddable":true,"href":"https:\/\/www.aromatherapyskolinn.is\/index.php?rest_route=%2Fwp%2Fv2%2Fproduct_cat&post=4740"},{"taxonomy":"product_tag","embeddable":true,"href":"https:\/\/www.aromatherapyskolinn.is\/index.php?rest_route=%2Fwp%2Fv2%2Fproduct_tag&post=4740"}],"curies":[{"name":"wp","href":"https:\/\/api.w.org\/{rel}","templated":true}]}}